{"id":509,"date":"2016-02-12T00:21:07","date_gmt":"2016-02-11T23:21:07","guid":{"rendered":"http:\/\/www.spotornofoundation.it\/website\/?page_id=509"},"modified":"2019-06-14T16:34:22","modified_gmt":"2019-06-14T14:34:22","slug":"artrosi-di-ginocchio-gonartrosi","status":"publish","type":"page","link":"https:\/\/www.spotornofoundation.it\/website\/ginocchio\/artrosi-di-ginocchio-gonartrosi\/","title":{"rendered":"Artrosi di ginocchio (gonartrosi)"},"content":{"rendered":"<section class=\"wpb-content-wrapper\"><p>[vc_row full_width=&#8221;&#8221; parallax=&#8221;&#8221; parallax_image=&#8221;&#8221; opn_row_id=&#8221;&#8221; opn_row_gutter=&#8221;&#8221; opn_enable_overlay=&#8221;off&#8221; opn_hide_navigation=&#8221;off&#8221; bg_type=&#8221;&#8221; parallax_style=&#8221;&#8221; bg_image_new=&#8221;&#8221; layer_image=&#8221;&#8221; bg_image_repeat=&#8221;&#8221; bg_image_size=&#8221;&#8221; bg_cstm_size=&#8221;&#8221; bg_img_attach=&#8221;&#8221; parallax_sense=&#8221;&#8221; bg_image_posiiton=&#8221;&#8221; animation_direction=&#8221;&#8221; animation_repeat=&#8221;&#8221; video_url=&#8221;&#8221; video_url_2=&#8221;&#8221; u_video_url=&#8221;&#8221; video_opts=&#8221;&#8221; video_poster=&#8221;&#8221; u_start_time=&#8221;&#8221; u_stop_time=&#8221;&#8221; viewport_vdo=&#8221;&#8221; enable_controls=&#8221;&#8221; bg_override=&#8221;&#8221; disable_on_mobile_img_parallax=&#8221;&#8221; parallax_content=&#8221;&#8221; parallax_content_sense=&#8221;&#8221; fadeout_row=&#8221;&#8221; fadeout_start_effect=&#8221;&#8221; enable_overlay=&#8221;&#8221; overlay_color=&#8221;&#8221; overlay_pattern=&#8221;&#8221; overlay_pattern_opacity=&#8221;&#8221; overlay_pattern_size=&#8221;&#8221; overlay_pattern_attachment=&#8221;&#8221; multi_color_overlay=&#8221;&#8221; multi_color_overlay_opacity=&#8221;&#8221; seperator_enable=&#8221;&#8221; seperator_type=&#8221;&#8221; seperator_position=&#8221;&#8221; seperator_shape_size=&#8221;&#8221; seperator_svg_height=&#8221;&#8221; seperator_shape_background=&#8221;&#8221; seperator_shape_border=&#8221;&#8221; seperator_shape_border_color=&#8221;&#8221; seperator_shape_border_width=&#8221;&#8221; icon_type=&#8221;&#8221; icon=&#8221;&#8221; icon_size=&#8221;&#8221; icon_color=&#8221;&#8221; icon_style=&#8221;&#8221; icon_color_bg=&#8221;&#8221; icon_border_style=&#8221;&#8221; icon_color_border=&#8221;&#8221; icon_border_size=&#8221;&#8221; icon_border_radius=&#8221;&#8221; icon_border_spacing=&#8221;&#8221; icon_img=&#8221;&#8221; img_width=&#8221;&#8221; ult_hide_row=&#8221;&#8221; ult_hide_row_large_screen=&#8221;&#8221; ult_hide_row_desktop=&#8221;&#8221; ult_hide_row_tablet=&#8221;&#8221; ult_hide_row_tablet_small=&#8221;&#8221; ult_hide_row_mobile=&#8221;&#8221; ult_hide_row_mobile_large=&#8221;&#8221;][vc_column width=&#8221;2\/3&#8243;][vc_column_text]L\u2019artrosi di ginocchio (gonartrosi) \u00e8 la forma pi\u00f9 frequente di artrosi.<br \/>\nSi presenta con una frequenza\u00a0 3 volte superiore alla coxartrosi.<br \/>\nL\u2019incidenza aumenta con l\u2019et\u00e0, tra i 60-70 anni \u00e8 tra il 20 e 30%, oltre gli 80 anni \u00e8 tra 40 e 50%.<br \/>\nNei 2\/3 dei casi colpisce tutte e due le ginocchia<br \/>\nIl 5% delle persone\u00a0 tra i 35 e 54 anni presentano dei segni di gonartrosi visibili alla radiografia (a causa di pregressi traumi, sovrappeso , patologie cartilaginee, malattie reumatiche).<\/p>\n<h5>Sintomi<\/h5>\n<p>I sintomi tipici sono di tipo meccanico: il dolore si aggrava dopo uno sforzo e si calma con il riposo, limita la flessione e l\u2019estensione del ginocchio, si accompagna frequentemente al gonfiore del ginocchio nelle fasi acute; \u00e8 particolarmente vivace in caso di marce prolungate, passeggiate su terreni accidentati o nella discesa delle scale, pu\u00f2 accompagnarsi ad una sensazione di rigidit\u00e0 mattutina.<\/p>\n<h5><strong>Le cause dell\u2019artrosi di ginocchio<\/strong><\/h5>\n<p>La gonartrosi pu\u00f2 essere <em>primitiva<\/em> (vuol dire senza causa evidente solitamente legata all\u2019invecchiamento) o <em>secondaria <\/em>a una causa spesso traumatica come una distorsione di ginocchio una distrazione legamentosa, una lesione meniscale o una frattura.<\/p>\n<p>L\u2019artrosi primitiva di ginocchio compare senza una causa apparente; ma sicuramente alcuni fattori favorizzanti sono tipici:<\/p>\n<ul>\n<li>et\u00e0 superiore ai 50 anni<\/li>\n<li>sesso femminile<\/li>\n<li>obesit\u00e0 o sovrappeso importante<\/li>\n<li>un anomalia dell\u2019asse degli arti inferiori (ginocchio varo o valgo)<\/li>\n<\/ul>\n<p>Profilo evolutivo dell\u2019artrosi di ginocchio: l\u2019artrosi pu\u00f2 rapidamente distruttiva, caratterizzata da una sinovite ed al consumo rapido della cartilagine (ravvisabile dalle radiografie seriate), questo tipo di artrosi porta velocemente ad una sostituzione protesica. Pi\u00f9 frequentemente l\u2019artrosi evolve in modo lento e progressivo intervallando periodi di crisi a momenti di quiete; in questi casi i trattamenti medicali e funzionali hanno molto spazio d\u2019azione, la sostituzione protesica pu\u00f2 essere procrastinata per molti anni.<\/p>\n<h5>La lesione meniscale<\/h5>\n<p>Una lesione meniscale in un paziente giovane pu\u00f2 essere pi\u00f9 tardi causa di artrosi del ginocchio soprattutto se il paziente ha subito un intervento di \u00a0meniscectomia \u00a0totale e e ancora di pi\u00f9 se si aggiunge un\u2019anomalia degli assi degli arti inferiori. Per questa ragione la chirurgia delle lesioni meniscali si \u00e8 trasformata in questi ultimi anni:<\/p>\n<p>\u00c8 raro ormai che un chirurgo rimuova tutto un menisco di cui\u00a0 spesso una buona parte \u00e8 in buona salute , ci si limiter\u00e0 a regolarizzare il menisco danneggiato lasciando il pi\u00f9 possibile \u00a0la parte sana, questo intervento \u00e8 reso possibile attraverso tecniche minimamente invasive come<em> l\u2019artroscopia<\/em> . Tuttavia un osteoartrite femoro-tibiale a volte pu\u00f2 verificarsi, a lungo termine, anche dopo la rimozione parziale di un menisco.\u00a0L&#8217;indicazione per l&#8217;ablazione chirurgica meniscale deve essere sempre considerata con attenzione particolare nel paziente di pi\u00f9 di 60 anni e deve essere sempre inquadrata in un contesto generale : un ginocchio artrosico pu\u00f2 non avere un beneficio completo in termini di risoluzione del dolore dopo meniscectomie aggressive. Pertanto le tecniche artroscopiche permettono di rimuovere solo le parti non pi\u00f9 funzionali lasciando integri i residui meniscali funzionanti.<\/p>\n<p>&nbsp;<\/p>\n<h5><strong>Trattamento<\/strong><\/h5>\n<p>Non esiste una cura efficace che possa portare ad una guarigione completa per l\u2019artrosi.<\/p>\n<p>Ci sono molteplici accorgimenti che possono aiutare a ridurre il dolore , il disconfort funzionale e i versamenti intrarticolari :<\/p>\n<ul>\n<li>Utilizzare un bastone nei casi di crisi per mettere a riposo il ginocchio<\/li>\n<li>Calo ponderale<\/li>\n<li>Praticare attivit\u00e0 fisica regolare: marcia moderata, bicicletta (o cyclette), nuoto.<\/li>\n<\/ul>\n<p>Vi sono comunque numerosi farmaci che permettono di calmare il dolore e l\u2019infiammazione come i FANS (farmaci antinfiammatori non steroidei) e il paracetamolo che attualmente sono i da considerarsi farmaci di prima scelta.<\/p>\n<p>Farmaci adiuvanti per la protezione della cartilagine quali \u00a0glucosamina, condroitina o infiltrazioni intrarticolari di acido ialuronico che possono alleviare i sintomi per un periodo di tempo pi\u00f9 o meno prolungato.<\/p>\n<p>Infiltrazioni intraarticolari di corticosteroidi a lunga durata di azione: indicati in caso di fase infiammatoria non controllabile con i farmaci.<\/p>\n<p><em><strong>Le iniezioni di acido ialuronico (visco- supplementazione) :<\/strong><\/em><\/p>\n<p>L&#8217;acido ialuronico \u00e8 un componente usuale del liquido sinoviale articolare , che permette alla cartilagine del ginocchio di mantenere le propriet\u00e0 meccaniche e la sua qualit\u00e0 . Se vi \u00e8 artrosi del ginocchio e degrado della cartilagine il liquido sinoviale perde le sue propriet\u00e0 di viscosit\u00e0 ed elasticit\u00e0 , la cartilagine \u00e8 meno &#8220;lubrificata&#8221; e l&#8217;osteoartrite peggiora causando dolore al ginocchio e la compromissione funzionale . Le infiltrazioni di acido ialuronico nel ginocchio possono migliorare in modo significativo il liquido sinoviale, il ginocchio si presenter\u00e0 molto meglio in termini di dolore e di mobilit\u00e0.<\/p>\n<p>Il miglioramento si verifica entro poche settimane e pu\u00f2 durare in media 12 mesi .<\/p>\n<p><em><strong>Indossando plantari ortopedici<\/strong><\/em><\/p>\n<p>L\u2019utilizzo di plantari ortopedici ha lo scopo di ridurre lo stress di carico sul ginocchio e di spostare selettivamente la forza di spinta sul compartimento sano variando la pressione del piede sul terreno, riducendo cos\u00ec il dolore.<\/p>\n<p><em><strong>Ginocchiere<\/strong><\/em><\/p>\n<p>Ci sono diversi tipi di ginocchio: pastiglie ginocchio unico, tessuto elastico, senza rinforzare l&#8217;effetto benefico di che \u00e8 legata ad un aumento locale di calore e ad una migliore sensazione del suo camminare ginocchio. Il ginocchio con supporto laterale rigido o flessibile e articolato, che servono a tenere il ginocchio lateralmente quando c&#8217;\u00e8 una lassit\u00e0 e deformazione laterale dovuta all&#8217;usura della cartilagine; ginocchiere cui barre di metallo correttive con lato cerniera volto a correggere la distorsione del ginocchio artrosico .<\/p>\n<p><em><strong>Osteotomia tibiale.<\/strong><\/em><\/p>\n<p>L\u2019osteotomia tibiale \u00e8 un intervento chirurgico che si propone di trattare in maniera conservativa l\u2019articolazione del ginocchio quando c\u2019\u00e8 una deformazione assiale dello stesso. Consiste nel creare una \u201cfrattura\u201d chirurgica nella porzione prossimale (pi\u00f9 vicino all\u2019articolazione) della tibia; aprendo a libro questa frattura o sottraendo un cuneo osseo si corregge l\u2019asse dell\u2019arto inferiore. Correggendo l\u2019asse si modifica in modo positivo il carico sulla cartilagine, se non particolarmente compromessa vi \u00e8 un notevole miglioramento della sintomatologia. Rappresenta una valida opzione per i pazienti pi\u00f9 giovani affetti da deviazioni in varo-valgo.<\/p>\n<p><em><strong>La protesi di ginocchio<\/strong><\/em><\/p>\n<p>Esistono molteplici artroprotesi di ginocchio adatte ad ogni tipo di ginocchio e patologia, il vostro chirurgo far\u00e0 la scelta pi\u00f9 opportuna.<\/p>\n<p>L\u2019artroprotesi totale permette di ottenere risultati molto soddisfacenti facendo sparire il dolore, ridona mobilit\u00e0 al ginocchio (estensione complete e flessione anche oltre i 120\u00b0), di deambulare senza ausili in generale di migliorare la qualit\u00e0 della vita dei pazienti nel 90\/95% dei casi. Il 5\/10% dei pazienti possono avere dei risultati meno soddisfacenti mantenendo in parte il dolore e limitazione funzionale.<\/p>\n<p>L\u2019ottenimento di dati soddisfacenti non \u00e8 immediato, il post-operatorio \u00e8 pi\u00f9 lungo rispetto a quello dell\u2019anca e necessita una partecipazione attiva del paziente. Il paziente dovr\u00e0 deambulare con due bastoni canadesi per 30\/40 giorni dopo l\u2019intervento chirurgico. Il gonfiore e il dolore spariscono mediamente nell\u2019arco di 3 mesi, ma il risultato definitivo si avr\u00e0 solo dopo 12 mesi.<\/p>\n<p>Le artroprotesi utilizzate attualmente hanno un\u2019aspettativa di vita di circa 20 anni, se la protesi dovr\u00e0 essere sostituit\u00e0 l\u2019intervento sar\u00e0 possibile ma presenta maggiori difficolt\u00e0.[\/vc_column_text][\/vc_column][vc_column width=&#8221;1\/3&#8243;][vc_text_separator title=&#8221;Download Area&#8221; title_align=&#8221;separator_align_center&#8221; align=&#8221;align_center&#8221; color=&#8221;grey&#8221; style=&#8221;dotted&#8221;][imedica_button button_size=&#8221;small&#8221; button_alignment=&#8221;left&#8221; btn_style=&#8221;color&#8221; border_size=&#8221;1&#8243; icon=&#8221;Defaults-file-pdf-o&#8221; icon_direction=&#8221;left&#8221; btn_link=&#8221;url:http%3A%2F%2Fwww.spotornofoundation.it%2Fwebsite%2Fwp-content%2Fuploads%2FLibretto-artroprotesi-ginocchio.pdf||target:%20_blank&#8221; animation_style=&#8221;no_animation&#8221; title_font_size=&#8221;15&#8243; title_line_ht=&#8221;20&#8243;]Recupero della funzionalit\u00e0 articolare[\/imedica_button][vc_text_separator title=&#8221;Patologie del Ginocchio&#8221; title_align=&#8221;separator_align_center&#8221; align=&#8221;align_center&#8221; color=&#8221;grey&#8221;][vc_wp_custommenu nav_menu=&#8221;10&#8243;][\/vc_column][\/vc_row]<\/p>\n<\/section>","protected":false},"excerpt":{"rendered":"<p>[vc_row full_width=&#8221;&#8221; parallax=&#8221;&#8221; parallax_image=&#8221;&#8221; opn_row_id=&#8221;&#8221; opn_row_gutter=&#8221;&#8221; opn_enable_overlay=&#8221;off&#8221; opn_hide_navigation=&#8221;off&#8221; bg_type=&#8221;&#8221; parallax_style=&#8221;&#8221; bg_image_new=&#8221;&#8221; layer_image=&#8221;&#8221; bg_image_repeat=&#8221;&#8221; bg_image_size=&#8221;&#8221; bg_cstm_size=&#8221;&#8221; bg_img_attach=&#8221;&#8221; parallax_sense=&#8221;&#8221; bg_image_posiiton=&#8221;&#8221; animation_direction=&#8221;&#8221; animation_repeat=&#8221;&#8221; video_url=&#8221;&#8221; video_url_2=&#8221;&#8221; u_video_url=&#8221;&#8221; video_opts=&#8221;&#8221; video_poster=&#8221;&#8221; u_start_time=&#8221;&#8221; u_stop_time=&#8221;&#8221; viewport_vdo=&#8221;&#8221; enable_controls=&#8221;&#8221; bg_override=&#8221;&#8221; disable_on_mobile_img_parallax=&#8221;&#8221; parallax_content=&#8221;&#8221; parallax_content_sense=&#8221;&#8221; fadeout_row=&#8221;&#8221; fadeout_start_effect=&#8221;&#8221; enable_overlay=&#8221;&#8221; overlay_color=&#8221;&#8221; overlay_pattern=&#8221;&#8221; overlay_pattern_opacity=&#8221;&#8221; overlay_pattern_size=&#8221;&#8221; overlay_pattern_attachment=&#8221;&#8221; multi_color_overlay=&#8221;&#8221; multi_color_overlay_opacity=&#8221;&#8221; seperator_enable=&#8221;&#8221; seperator_type=&#8221;&#8221; seperator_position=&#8221;&#8221; seperator_shape_size=&#8221;&#8221; seperator_svg_height=&#8221;&#8221; seperator_shape_background=&#8221;&#8221; seperator_shape_border=&#8221;&#8221; seperator_shape_border_color=&#8221;&#8221; seperator_shape_border_width=&#8221;&#8221; icon_type=&#8221;&#8221; icon=&#8221;&#8221; icon_size=&#8221;&#8221;<\/p>\n","protected":false},"author":1,"featured_media":0,"parent":512,"menu_order":0,"comment_status":"closed","ping_status":"closed","template":"","meta":[],"_links":{"self":[{"href":"https:\/\/www.spotornofoundation.it\/website\/wp-json\/wp\/v2\/pages\/509"}],"collection":[{"href":"https:\/\/www.spotornofoundation.it\/website\/wp-json\/wp\/v2\/pages"}],"about":[{"href":"https:\/\/www.spotornofoundation.it\/website\/wp-json\/wp\/v2\/types\/page"}],"author":[{"embeddable":true,"href":"https:\/\/www.spotornofoundation.it\/website\/wp-json\/wp\/v2\/users\/1"}],"replies":[{"embeddable":true,"href":"https:\/\/www.spotornofoundation.it\/website\/wp-json\/wp\/v2\/comments?post=509"}],"version-history":[{"count":15,"href":"https:\/\/www.spotornofoundation.it\/website\/wp-json\/wp\/v2\/pages\/509\/revisions"}],"predecessor-version":[{"id":667,"href":"https:\/\/www.spotornofoundation.it\/website\/wp-json\/wp\/v2\/pages\/509\/revisions\/667"}],"up":[{"embeddable":true,"href":"https:\/\/www.spotornofoundation.it\/website\/wp-json\/wp\/v2\/pages\/512"}],"wp:attachment":[{"href":"https:\/\/www.spotornofoundation.it\/website\/wp-json\/wp\/v2\/media?parent=509"}],"curies":[{"name":"wp","href":"https:\/\/api.w.org\/{rel}","templated":true}]}}