{"id":307,"date":"2015-10-26T17:21:33","date_gmt":"2015-10-26T16:21:33","guid":{"rendered":"http:\/\/www.spotornofoundation.it\/website\/?page_id=307"},"modified":"2019-06-14T16:36:53","modified_gmt":"2019-06-14T14:36:53","slug":"la-fondazione-e-gli-obiettivi","status":"publish","type":"page","link":"https:\/\/www.spotornofoundation.it\/website\/la-fondazione-e-gli-obiettivi\/","title":{"rendered":"La Fondazione e gli obiettivi"},"content":{"rendered":"<section class=\"wpb-content-wrapper\"><p>[vc_row full_width=&#8221;&#8221; parallax=&#8221;&#8221; parallax_image=&#8221;&#8221; opn_row_id=&#8221;&#8221; opn_row_gutter=&#8221;&#8221; opn_enable_overlay=&#8221;off&#8221; opn_hide_navigation=&#8221;off&#8221; bg_type=&#8221;&#8221; parallax_style=&#8221;&#8221; bg_image_new=&#8221;&#8221; layer_image=&#8221;&#8221; bg_image_repeat=&#8221;&#8221; bg_image_size=&#8221;&#8221; bg_cstm_size=&#8221;&#8221; bg_img_attach=&#8221;&#8221; parallax_sense=&#8221;&#8221; bg_image_posiiton=&#8221;&#8221; animation_direction=&#8221;&#8221; animation_repeat=&#8221;&#8221; video_url=&#8221;&#8221; video_url_2=&#8221;&#8221; u_video_url=&#8221;&#8221; video_opts=&#8221;&#8221; video_poster=&#8221;&#8221; u_start_time=&#8221;&#8221; u_stop_time=&#8221;&#8221; viewport_vdo=&#8221;&#8221; enable_controls=&#8221;&#8221; bg_override=&#8221;&#8221; disable_on_mobile_img_parallax=&#8221;&#8221; parallax_content=&#8221;&#8221; parallax_content_sense=&#8221;&#8221; fadeout_row=&#8221;&#8221; fadeout_start_effect=&#8221;&#8221; enable_overlay=&#8221;&#8221; overlay_color=&#8221;&#8221; overlay_pattern=&#8221;&#8221; overlay_pattern_opacity=&#8221;&#8221; overlay_pattern_size=&#8221;&#8221; overlay_pattern_attachment=&#8221;&#8221; multi_color_overlay=&#8221;&#8221; multi_color_overlay_opacity=&#8221;&#8221; seperator_enable=&#8221;&#8221; seperator_type=&#8221;&#8221; seperator_position=&#8221;&#8221; seperator_shape_size=&#8221;&#8221; seperator_svg_height=&#8221;&#8221; seperator_shape_background=&#8221;&#8221; seperator_shape_border=&#8221;&#8221; seperator_shape_border_color=&#8221;&#8221; seperator_shape_border_width=&#8221;&#8221; icon_type=&#8221;&#8221; icon=&#8221;&#8221; icon_size=&#8221;&#8221; icon_color=&#8221;&#8221; icon_style=&#8221;&#8221; icon_color_bg=&#8221;&#8221; icon_border_style=&#8221;&#8221; icon_color_border=&#8221;&#8221; icon_border_size=&#8221;&#8221; icon_border_radius=&#8221;&#8221; icon_border_spacing=&#8221;&#8221; icon_img=&#8221;&#8221; img_width=&#8221;&#8221; ult_hide_row=&#8221;&#8221; ult_hide_row_large_screen=&#8221;&#8221; ult_hide_row_desktop=&#8221;&#8221; ult_hide_row_tablet=&#8221;&#8221; ult_hide_row_tablet_small=&#8221;&#8221; ult_hide_row_mobile=&#8221;&#8221; ult_hide_row_mobile_large=&#8221;&#8221;][vc_column width=&#8221;2\/3&#8243;][vc_column_text]La <strong>Fondazione Lorenzo Spotorno<\/strong> \u00e8 stata <strong>costituita<\/strong> e fortemente voluta dagli allievi e dalla famiglia del Professore in data <strong>28\/01\/2015<\/strong> con l&#8217;intento di proseguire l&#8217;opera di <strong>studio e ricerca nell&#8217;ambito della Chirurgia Protesica<\/strong>.<\/p>\n<p>Un obbiettivo primario in accordo con l&#8217;ASL2 Savonese \u00e8 la raccolta dei dati dei pazienti operati di artroprotesi al fine di archiviare pi\u00f9 dati possibili sulla vita e sui possibili sviluppi di nuovi progetti scientifici che riguardano le protesi.<\/p>\n<p>La Fondazione ubicata all&#8217;interno dell&#8217;Ospedale Santa Corona \u00e8 diretta dal Dott. Andrea Camera e ha come Vice-Presidente il Dott. Danilo Chiapale e come Direttore Scientifico il Dott. Stefano Tornago.<\/p>\n<p>Sono stati rinnovati i locali ospitanti con nuovi arredi e materiale informatico.<\/p>\n<p>La Fondazione lavora in <strong>stretta collaborazione con il reparto di Chirurgia Protesica gi\u00e0 diretto dal Prof. Spotorno<\/strong>. Tale collaborazione si esplica nella registrazione degli interventi chirurgici e nella gestione dei controlli post.operatori al fine di avere una valutazione scientifica dei risultati.<\/p>\n<p>La Fondazione \u00e8 altres\u00ec attiva nella ricerca scientifica in campo farmacologico inerenti al paziente protesico. Allo stato attuale vi \u00e8 <strong>particolare interesse alla valutazione di protocolli per la gestione del dolore post.operatorio<\/strong> in modo da consentire un miglior benessere psico-fisico ed un pi\u00f9 rapido recupero della funzionalit\u00e0 motoria.<\/p>\n<p><strong>La Fondazione si occupa di organizzare corsi di chirurgia protesica per medici Italiani e stranieri<\/strong> con la possibilit\u00e0 di assistere alle live-surgeries grazie al collegamento video diretto tra la sala operatoria e la Fondazione stessa.<\/p>\n<p>La Fondazione \u00e8 il fulcro di preparazione di congressi Nazionali ed Internazionali e rappresenta un punto di riferimento per tutti i medici della ASL2 e non solo per un sostegno scientifico ed informatico.<\/p>\n<p>La Fondazione <strong>sta collaborando attivamente e costantemente con la Federazione Ortopedica Russa<\/strong> per la formazione dei loro chirurghi, svolgendo sessioni operatorie sia al &#8220;Santa Corona&#8221; che in vari nosocomi della Federazione Russia.<\/p>\n<p>I fondi per il mantenimento e la funzione dei servizi della Fondazione, noprofit, derivano da donazioni da parte di privati o da ditte farmacologiche e protesiche.[\/vc_column_text][\/vc_column][vc_column width=&#8221;1\/3&#8243;][vc_text_separator title=&#8221;Fai una Donazione&#8221; title_align=&#8221;separator_align_center&#8221; align=&#8221;align_center&#8221; color=&#8221;grey&#8221;][vc_raw_html]JTNDZm9ybSUyMGFjdGlvbiUzRCUyMmh0dHBzJTNBJTJGJTJGd3d3LnBheXBhbC5jb20lMkZjZ2ktYmluJTJGd2Vic2NyJTIyJTIwbWV0aG9kJTNEJTIycG9zdCUyMiUyMHRhcmdldCUzRCUyMl90b3AlMjIlM0UlMEElM0NpbnB1dCUyMHR5cGUlM0QlMjJoaWRkZW4lMjIlMjBuYW1lJTNEJTIyY21kJTIyJTIwdmFsdWUlM0QlMjJfZG9uYXRpb25zJTIyJTNFJTBBJTNDaW5wdXQlMjB0eXBlJTNEJTIyaGlkZGVuJTIyJTIwbmFtZSUzRCUyMmJ1c2luZXNzJTIyJTIwdmFsdWUlM0QlMjJpbmZvJTQwc3BvdG9ybm9mb3VuZGF0aW9uLml0JTIyJTNFJTBBJTNDaW5wdXQlMjB0eXBlJTNEJTIyaGlkZGVuJTIyJTIwbmFtZSUzRCUyMmxjJTIyJTIwdmFsdWUlM0QlMjJJVCUyMiUzRSUwQSUzQ2lucHV0JTIwdHlwZSUzRCUyMmhpZGRlbiUyMiUyMG5hbWUlM0QlMjJpdGVtX25hbWUlMjIlMjB2YWx1ZSUzRCUyMkZvbmRhemlvbmUlMjBTcG90b3JubyUyMC0lMjBPTkxVUyUyMiUzRSUwQSUzQ2lucHV0JTIwdHlwZSUzRCUyMmhpZGRlbiUyMiUyMG5hbWUlM0QlMjJub19ub3RlJTIyJTIwdmFsdWUlM0QlMjIwJTIyJTNFJTBBJTNDaW5wdXQlMjB0eXBlJTNEJTIyaGlkZGVuJTIyJTIwbmFtZSUzRCUyMmN1cnJlbmN5X2NvZGUlMjIlMjB2YWx1ZSUzRCUyMkVVUiUyMiUzRSUwQSUzQ2lucHV0JTIwdHlwZSUzRCUyMmhpZGRlbiUyMiUyMG5hbWUlM0QlMjJibiUyMiUyMHZhbHVlJTNEJTIyUFAtRG9uYXRpb25zQkYlM0FidG5fZG9uYXRlQ0NfTEcuZ2lmJTNBTm9uSG9zdGVkR3Vlc3QlMjIlM0UlMEElM0NpbnB1dCUyMHR5cGUlM0QlMjJpbWFnZSUyMiUyMHNyYyUzRCUyMmh0dHBzJTNBJTJGJTJGd3d3LnBheXBhbG9iamVjdHMuY29tJTJGaXRfSVQlMkZJVCUyRmklMkZidG4lMkZidG5fZG9uYXRlQ0NfTEcuZ2lmJTIyJTIwYm9yZGVyJTNEJTIyMCUyMiUyMG5hbWUlM0QlMjJzdWJtaXQlMjIlMjBhbHQlM0QlMjJQYXlQYWwlMjAlQzMlQTglMjBpbCUyMG1ldG9kbyUyMHJhcGlkbyUyMGUlMjBzaWN1cm8lMjBwZXIlMjBwYWdhcmUlMjBlJTIwZmFyc2klMjBwYWdhcmUlMjBvbmxpbmUuJTIyJTNFJTBBJTNDaW1nJTIwYWx0JTNEJTIyJTIyJTIwYm9yZGVyJTNEJTIyMCUyMiUyMHNyYyUzRCUyMmh0dHBzJTNBJTJGJTJGd3d3LnBheXBhbG9iamVjdHMuY29tJTJGaXRfSVQlMkZpJTJGc2NyJTJGcGl4ZWwuZ2lmJTIyJTIwd2lkdGglM0QlMjIxJTIyJTIwaGVpZ2h0JTNEJTIyMSUyMiUzRSUwQSUzQyUyRmZvcm0lM0UlMEE=[\/vc_raw_html][\/vc_column][\/vc_row]<\/p>\n<\/section>","protected":false},"excerpt":{"rendered":"<p>[vc_row full_width=&#8221;&#8221; parallax=&#8221;&#8221; parallax_image=&#8221;&#8221; opn_row_id=&#8221;&#8221; opn_row_gutter=&#8221;&#8221; opn_enable_overlay=&#8221;off&#8221; opn_hide_navigation=&#8221;off&#8221; bg_type=&#8221;&#8221; parallax_style=&#8221;&#8221; bg_image_new=&#8221;&#8221; layer_image=&#8221;&#8221; bg_image_repeat=&#8221;&#8221; bg_image_size=&#8221;&#8221; bg_cstm_size=&#8221;&#8221; bg_img_attach=&#8221;&#8221; parallax_sense=&#8221;&#8221; bg_image_posiiton=&#8221;&#8221; animation_direction=&#8221;&#8221; animation_repeat=&#8221;&#8221; video_url=&#8221;&#8221; video_url_2=&#8221;&#8221; u_video_url=&#8221;&#8221; video_opts=&#8221;&#8221; video_poster=&#8221;&#8221; u_start_time=&#8221;&#8221; u_stop_time=&#8221;&#8221; viewport_vdo=&#8221;&#8221; enable_controls=&#8221;&#8221; bg_override=&#8221;&#8221; disable_on_mobile_img_parallax=&#8221;&#8221; parallax_content=&#8221;&#8221; parallax_content_sense=&#8221;&#8221; fadeout_row=&#8221;&#8221; fadeout_start_effect=&#8221;&#8221; enable_overlay=&#8221;&#8221; overlay_color=&#8221;&#8221; overlay_pattern=&#8221;&#8221; overlay_pattern_opacity=&#8221;&#8221; overlay_pattern_size=&#8221;&#8221; overlay_pattern_attachment=&#8221;&#8221; multi_color_overlay=&#8221;&#8221; multi_color_overlay_opacity=&#8221;&#8221; seperator_enable=&#8221;&#8221; seperator_type=&#8221;&#8221; seperator_position=&#8221;&#8221; seperator_shape_size=&#8221;&#8221; seperator_svg_height=&#8221;&#8221; seperator_shape_background=&#8221;&#8221; seperator_shape_border=&#8221;&#8221; seperator_shape_border_color=&#8221;&#8221; seperator_shape_border_width=&#8221;&#8221; icon_type=&#8221;&#8221; icon=&#8221;&#8221; icon_size=&#8221;&#8221;<\/p>\n","protected":false},"author":1,"featured_media":0,"parent":0,"menu_order":0,"comment_status":"closed","ping_status":"closed","template":"","meta":[],"_links":{"self":[{"href":"https:\/\/www.spotornofoundation.it\/website\/wp-json\/wp\/v2\/pages\/307"}],"collection":[{"href":"https:\/\/www.spotornofoundation.it\/website\/wp-json\/wp\/v2\/pages"}],"about":[{"href":"https:\/\/www.spotornofoundation.it\/website\/wp-json\/wp\/v2\/types\/page"}],"author":[{"embeddable":true,"href":"https:\/\/www.spotornofoundation.it\/website\/wp-json\/wp\/v2\/users\/1"}],"replies":[{"embeddable":true,"href":"https:\/\/www.spotornofoundation.it\/website\/wp-json\/wp\/v2\/comments?post=307"}],"version-history":[{"count":5,"href":"https:\/\/www.spotornofoundation.it\/website\/wp-json\/wp\/v2\/pages\/307\/revisions"}],"predecessor-version":[{"id":313,"href":"https:\/\/www.spotornofoundation.it\/website\/wp-json\/wp\/v2\/pages\/307\/revisions\/313"}],"wp:attachment":[{"href":"https:\/\/www.spotornofoundation.it\/website\/wp-json\/wp\/v2\/media?parent=307"}],"curies":[{"name":"wp","href":"https:\/\/api.w.org\/{rel}","templated":true}]}}