{"id":211,"date":"2015-10-26T12:31:48","date_gmt":"2015-10-26T11:31:48","guid":{"rendered":"http:\/\/www.spotornofoundation.it\/website\/?page_id=211"},"modified":"2019-06-14T16:45:34","modified_gmt":"2019-06-14T14:45:34","slug":"alluce-valgo","status":"publish","type":"page","link":"https:\/\/www.spotornofoundation.it\/website\/patologie\/piede\/alluce-valgo\/","title":{"rendered":"Alluce Valgo"},"content":{"rendered":"<section class=\"wpb-content-wrapper\"><p>[vc_row full_width=&#8221;&#8221; parallax=&#8221;&#8221; parallax_image=&#8221;&#8221; opn_row_id=&#8221;&#8221; opn_row_gutter=&#8221;&#8221; opn_enable_overlay=&#8221;off&#8221; opn_hide_navigation=&#8221;off&#8221; bg_type=&#8221;&#8221; parallax_style=&#8221;&#8221; bg_image_new=&#8221;&#8221; layer_image=&#8221;&#8221; bg_image_repeat=&#8221;&#8221; bg_image_size=&#8221;&#8221; bg_cstm_size=&#8221;&#8221; bg_img_attach=&#8221;&#8221; parallax_sense=&#8221;&#8221; bg_image_posiiton=&#8221;&#8221; animation_direction=&#8221;&#8221; animation_repeat=&#8221;&#8221; video_url=&#8221;&#8221; video_url_2=&#8221;&#8221; u_video_url=&#8221;&#8221; video_opts=&#8221;&#8221; video_poster=&#8221;&#8221; u_start_time=&#8221;&#8221; u_stop_time=&#8221;&#8221; viewport_vdo=&#8221;&#8221; enable_controls=&#8221;&#8221; bg_override=&#8221;&#8221; disable_on_mobile_img_parallax=&#8221;&#8221; parallax_content=&#8221;&#8221; parallax_content_sense=&#8221;&#8221; fadeout_row=&#8221;&#8221; fadeout_start_effect=&#8221;&#8221; enable_overlay=&#8221;&#8221; overlay_color=&#8221;&#8221; overlay_pattern=&#8221;&#8221; overlay_pattern_opacity=&#8221;&#8221; overlay_pattern_size=&#8221;&#8221; overlay_pattern_attachment=&#8221;&#8221; multi_color_overlay=&#8221;&#8221; multi_color_overlay_opacity=&#8221;&#8221; seperator_enable=&#8221;&#8221; seperator_type=&#8221;&#8221; seperator_position=&#8221;&#8221; seperator_shape_size=&#8221;&#8221; seperator_svg_height=&#8221;&#8221; seperator_shape_background=&#8221;&#8221; seperator_shape_border=&#8221;&#8221; seperator_shape_border_color=&#8221;&#8221; seperator_shape_border_width=&#8221;&#8221; icon_type=&#8221;&#8221; icon=&#8221;&#8221; icon_size=&#8221;&#8221; icon_color=&#8221;&#8221; icon_style=&#8221;&#8221; icon_color_bg=&#8221;&#8221; icon_border_style=&#8221;&#8221; icon_color_border=&#8221;&#8221; icon_border_size=&#8221;&#8221; icon_border_radius=&#8221;&#8221; icon_border_spacing=&#8221;&#8221; icon_img=&#8221;&#8221; img_width=&#8221;&#8221; ult_hide_row=&#8221;&#8221; ult_hide_row_large_screen=&#8221;&#8221; ult_hide_row_desktop=&#8221;&#8221; ult_hide_row_tablet=&#8221;&#8221; ult_hide_row_tablet_small=&#8221;&#8221; ult_hide_row_mobile=&#8221;&#8221; ult_hide_row_mobile_large=&#8221;&#8221;][vc_column width=&#8221;2\/3&#8243;][vc_column_text]<\/p>\n<h5>INDICAZIONI GENERALI<\/h5>\n<p>L\u2019<strong>alluce valgo<\/strong> \u00e8 la pi\u00f9 comune patologia che interessa l\u2019avampiede e provoca dolore, difficolt\u00e0 ad indossare le normali calzature e la perdit\u00e0 dell\u2019integrit\u00e0\u00a0biomeccanica dell\u2019avampiede durante la locomozione.<\/p>\n<p>Colpisce con probabilit\u00e0 statistica assai superiore il sesso femminile rispetto a quello\u00a0maschile.<\/p>\n<p>Anche se raramente, pu\u00f2 insorgere anche in et\u00e0 giovanile (alluce valgo idiopatico)\u00a0soprattutto\u00a0la fascia d\u2019et\u00e0 pi\u00f9 colpita \u00e8 quella tra 40 e 60 anni, ma negli ultimi tempi s\u2019\u00e8 notato\u00a0un aumento della patologia in pazienti pi\u00f9 giovani (intorno ai 30), a volte perfino\u00a0sotto i 20 anni. S\u2019accompagna spesso ad altre patologie, la pi\u00f9 frequente delle quali \u00e8\u00a0il dito in griffe (pi\u00f9 comunemente definito \u201ca martello\u201d) e al neuroma di Morton.<\/p>\n<p>Il sesso pi\u00f9 colpito risulta essere quello femminile perch\u00e9 vi tra i fattori predisponenti\u00a0vi \u00e8 l\u2019abitudine a indossare scarpe a punta stretta con tacco alto (specialmente a\u00a0spillo).<\/p>\n<p>Ulteriori cause sono, oltre a fattori ereditari, eventi traumatici o infiammatori\u00a0pregressi o inadeguata tonicit\u00e0 di muscoli e\/o legamenti del piede.<\/p>\n<h5>SEGNI E SINTOMI<\/h5>\n<p>Inizialmente il paziente lamenta riferisce fastidio e bruciore a livello\u00a0dell\u2019articolazione metatarso \u2013 falangea, che nella maggior parte dei casi appare\u00a0arrossata e tumefatta; successivamente il paziente inizia a lamentare dolore alla\u00a0deambulazione e, nei casi pi\u00f9 avanzati, dolore anche notturno.<\/p>\n<p>Il progredire della patologia pu\u00f2 portare alla deviazione del punto di appoggio del\u00a0piede, con conseguente alterazione dello schema del passo e possibili ripercussioni su\u00a0altre zone del corpo, quali ginocchia, anche e colonna vertebrale.<\/p>\n<h5>DIAGNOSI<\/h5>\n<p>La diagnosi \u00e8 essenzialmente clinica: l\u2019anamnesi e l\u2019esame obiettivo del piede sono\u00a0fondamentali e imprescidibili per porre diagnosi, soprattutto per valutare eventuali\u00a0lesioni associate.<\/p>\n<p>L\u2019esecuzione di esami strumentali risulta essere il completamento del percorso\u00a0diagnostico e permette di porre le pi\u00f9 corrette indicazioni di trattamento.<\/p>\n<p>L\u2019esame principale consiste nell\u2019esecuzione di radiografie dei piedi in 2 proiezioni\u00a0sotto carico: in tal modo si possono studiare le variazioni dei rapporti di contiguit\u00e0 tra\u00a0i vari segmenti ossei, le variazione degli angoli articolari ed eventuali deformit\u00e0\u00a0associate durante l\u2019appoggio del piede.<\/p>\n<p>Talvolta , nei casi pi\u00f9 complessi, pu\u00f2 rendersi necessaria l\u2018esecuzione di altri esami\u00a0quali etg e rmn, ma si tratta di accertamenti<\/p>\n<h5>TRATTAMENTO<\/h5>\n<p>Il trattamento di questa patologia pu\u00f2 essere diviso in:<\/p>\n<ul>\n<li>Trattamento conservativo<\/li>\n<li>Trattamento chirurgico<\/li>\n<\/ul>\n<p>Il trattamento conservativo viene riservato principalmente alle persone con un alluce\u00a0valgo iniziale.<\/p>\n<p>Esso si avvale dell\u2019utilizzo di plantari personalizzati in grado di modificare\u00a0l\u2019appoggio del piede e viene associato all\u2019utilizzo di calzature con tacco basso e con\u00a0punta larga e tomaia morbida.<\/p>\n<p>Nei casi pi\u00f9 avanzati o nei casi nei quali la terapia conservativa non abbia avuto\u00a0effetto il trattamento risulta essere chirurgico.<\/p>\n<p>Vi sono molteplici tipologie di intervento per il tratttamento dell\u2019alluce valgo, e il\u00a0trattamento viene quindi personalizzato in base alla patologia di base del paziente.<\/p>\n<p>Negli ultimi anni, accanto al trattamento artrotomico con l\u2019utilizzo di mezzi di sintesi,\u00a0sta prendendo campo il cosidettto trattamento mininvasivo percutaneo senza mezzi di\u00a0sintesi.<\/p>\n<p>La tecnica chirurgica prevede la correzione delle deformit\u00e0 dell\u2019alluce e delle altre\u00a0dita mediante osteotomie praticate sotto guida radiografica attraverso accessi\u00a0chirurgci di 3-4 mm.<\/p>\n<p>Se possibile non vengono utilizzati mezzi di sintesi a stabilizzare le osteotomie, che\u00a0vengono stabilizzate mediante bendaggi funzionali che mantengono il piede nella\u00a0posizione corretta per il tempo necessario per l\u2019avvenuta consolidazione ossea.<\/p>\n<p>Il carico completo \u00e8 concesso da subito e talvolta, visto che \u00e8 possibile eseguire tali\u00a0interventi in anestesia tronculare periferica, anche tornare a casa il giorno stesso\u00a0dell\u2019intervento.<\/p>\n<p>Con questo tipo di tecnica vi \u00e8 una diminuizione dei sanguinamenti,dei tempi\u00a0operatori, dei dolori derivanti dagli esiti cicatriziali e generalmente un pi\u00f9 veloce\u00a0recupero funzionale post operatorio, con un elevato grado di soddisfazione da\u00a0partedei pazienti[\/vc_column_text][\/vc_column][vc_column width=&#8221;1\/3&#8243;][vc_text_separator title=&#8221;Patologie Piede&#8221; title_align=&#8221;separator_align_center&#8221; align=&#8221;align_center&#8221; color=&#8221;grey&#8221;][vc_wp_custommenu nav_menu=&#8221;5&#8243;][\/vc_column][\/vc_row]<\/p>\n<\/section>","protected":false},"excerpt":{"rendered":"<p>[vc_row full_width=&#8221;&#8221; parallax=&#8221;&#8221; parallax_image=&#8221;&#8221; opn_row_id=&#8221;&#8221; opn_row_gutter=&#8221;&#8221; opn_enable_overlay=&#8221;off&#8221; opn_hide_navigation=&#8221;off&#8221; bg_type=&#8221;&#8221; parallax_style=&#8221;&#8221; bg_image_new=&#8221;&#8221; layer_image=&#8221;&#8221; bg_image_repeat=&#8221;&#8221; bg_image_size=&#8221;&#8221; bg_cstm_size=&#8221;&#8221; bg_img_attach=&#8221;&#8221; parallax_sense=&#8221;&#8221; bg_image_posiiton=&#8221;&#8221; animation_direction=&#8221;&#8221; animation_repeat=&#8221;&#8221; video_url=&#8221;&#8221; video_url_2=&#8221;&#8221; u_video_url=&#8221;&#8221; video_opts=&#8221;&#8221; video_poster=&#8221;&#8221; u_start_time=&#8221;&#8221; u_stop_time=&#8221;&#8221; viewport_vdo=&#8221;&#8221; enable_controls=&#8221;&#8221; bg_override=&#8221;&#8221; disable_on_mobile_img_parallax=&#8221;&#8221; parallax_content=&#8221;&#8221; parallax_content_sense=&#8221;&#8221; fadeout_row=&#8221;&#8221; fadeout_start_effect=&#8221;&#8221; enable_overlay=&#8221;&#8221; overlay_color=&#8221;&#8221; overlay_pattern=&#8221;&#8221; overlay_pattern_opacity=&#8221;&#8221; overlay_pattern_size=&#8221;&#8221; overlay_pattern_attachment=&#8221;&#8221; multi_color_overlay=&#8221;&#8221; multi_color_overlay_opacity=&#8221;&#8221; seperator_enable=&#8221;&#8221; seperator_type=&#8221;&#8221; seperator_position=&#8221;&#8221; seperator_shape_size=&#8221;&#8221; seperator_svg_height=&#8221;&#8221; seperator_shape_background=&#8221;&#8221; seperator_shape_border=&#8221;&#8221; seperator_shape_border_color=&#8221;&#8221; seperator_shape_border_width=&#8221;&#8221; icon_type=&#8221;&#8221; icon=&#8221;&#8221; icon_size=&#8221;&#8221;<\/p>\n","protected":false},"author":1,"featured_media":0,"parent":203,"menu_order":0,"comment_status":"closed","ping_status":"closed","template":"","meta":[],"_links":{"self":[{"href":"https:\/\/www.spotornofoundation.it\/website\/wp-json\/wp\/v2\/pages\/211"}],"collection":[{"href":"https:\/\/www.spotornofoundation.it\/website\/wp-json\/wp\/v2\/pages"}],"about":[{"href":"https:\/\/www.spotornofoundation.it\/website\/wp-json\/wp\/v2\/types\/page"}],"author":[{"embeddable":true,"href":"https:\/\/www.spotornofoundation.it\/website\/wp-json\/wp\/v2\/users\/1"}],"replies":[{"embeddable":true,"href":"https:\/\/www.spotornofoundation.it\/website\/wp-json\/wp\/v2\/comments?post=211"}],"version-history":[{"count":7,"href":"https:\/\/www.spotornofoundation.it\/website\/wp-json\/wp\/v2\/pages\/211\/revisions"}],"predecessor-version":[{"id":808,"href":"https:\/\/www.spotornofoundation.it\/website\/wp-json\/wp\/v2\/pages\/211\/revisions\/808"}],"up":[{"embeddable":true,"href":"https:\/\/www.spotornofoundation.it\/website\/wp-json\/wp\/v2\/pages\/203"}],"wp:attachment":[{"href":"https:\/\/www.spotornofoundation.it\/website\/wp-json\/wp\/v2\/media?parent=211"}],"curies":[{"name":"wp","href":"https:\/\/api.w.org\/{rel}","templated":true}]}}