{"id":187,"date":"2015-10-26T11:49:03","date_gmt":"2015-10-26T10:49:03","guid":{"rendered":"http:\/\/www.spotornofoundation.it\/website\/?page_id=187"},"modified":"2019-06-14T16:42:08","modified_gmt":"2019-06-14T14:42:08","slug":"artrite-reumatoide","status":"publish","type":"page","link":"https:\/\/www.spotornofoundation.it\/website\/patologie\/anca\/artrite-reumatoide\/","title":{"rendered":"Artrite Reumatoide"},"content":{"rendered":"<section class=\"wpb-content-wrapper\"><p>[vc_row full_width=&#8221;&#8221; parallax=&#8221;&#8221; parallax_image=&#8221;&#8221; opn_row_id=&#8221;&#8221; opn_row_gutter=&#8221;&#8221; opn_enable_overlay=&#8221;off&#8221; opn_hide_navigation=&#8221;off&#8221; bg_type=&#8221;&#8221; parallax_style=&#8221;&#8221; bg_image_new=&#8221;&#8221; layer_image=&#8221;&#8221; bg_image_repeat=&#8221;&#8221; bg_image_size=&#8221;&#8221; bg_cstm_size=&#8221;&#8221; bg_img_attach=&#8221;&#8221; parallax_sense=&#8221;&#8221; bg_image_posiiton=&#8221;&#8221; animation_direction=&#8221;&#8221; animation_repeat=&#8221;&#8221; video_url=&#8221;&#8221; video_url_2=&#8221;&#8221; u_video_url=&#8221;&#8221; video_opts=&#8221;&#8221; video_poster=&#8221;&#8221; u_start_time=&#8221;&#8221; u_stop_time=&#8221;&#8221; viewport_vdo=&#8221;&#8221; enable_controls=&#8221;&#8221; bg_override=&#8221;&#8221; disable_on_mobile_img_parallax=&#8221;&#8221; parallax_content=&#8221;&#8221; parallax_content_sense=&#8221;&#8221; fadeout_row=&#8221;&#8221; fadeout_start_effect=&#8221;&#8221; enable_overlay=&#8221;&#8221; overlay_color=&#8221;&#8221; overlay_pattern=&#8221;&#8221; overlay_pattern_opacity=&#8221;&#8221; overlay_pattern_size=&#8221;&#8221; overlay_pattern_attachment=&#8221;&#8221; multi_color_overlay=&#8221;&#8221; multi_color_overlay_opacity=&#8221;&#8221; seperator_enable=&#8221;&#8221; seperator_type=&#8221;&#8221; seperator_position=&#8221;&#8221; seperator_shape_size=&#8221;&#8221; seperator_svg_height=&#8221;&#8221; seperator_shape_background=&#8221;&#8221; seperator_shape_border=&#8221;&#8221; seperator_shape_border_color=&#8221;&#8221; seperator_shape_border_width=&#8221;&#8221; icon_type=&#8221;&#8221; icon=&#8221;&#8221; icon_size=&#8221;&#8221; icon_color=&#8221;&#8221; icon_style=&#8221;&#8221; icon_color_bg=&#8221;&#8221; icon_border_style=&#8221;&#8221; icon_color_border=&#8221;&#8221; icon_border_size=&#8221;&#8221; icon_border_radius=&#8221;&#8221; icon_border_spacing=&#8221;&#8221; icon_img=&#8221;&#8221; img_width=&#8221;&#8221; ult_hide_row=&#8221;&#8221; ult_hide_row_large_screen=&#8221;&#8221; ult_hide_row_desktop=&#8221;&#8221; ult_hide_row_tablet=&#8221;&#8221; ult_hide_row_tablet_small=&#8221;&#8221; ult_hide_row_mobile=&#8221;&#8221; ult_hide_row_mobile_large=&#8221;&#8221;][vc_column width=&#8221;2\/3&#8243;][vc_column_text]L&#8217;<strong>artrite reumatoide<\/strong> (AR) \u00e8 una poliartrite infiammatoria cronica, anchilosante e progressiva a patogenesi autoimmunitaria e ad eziologia sconosciuta, principalmente a carico delle articolazioni sinoviali.\u00a0Pu\u00f2 provocare deformazione e dolore che possono portare fino alla perdita della funzionalit\u00e0 articolare.<\/p>\n<p>La condizione pu\u00f2 presentare anche segni e sintomi in organi diversi.<\/p>\n<p>Si differenzia dall&#8217;osteoartrosi perch\u00e9 interessa inizialmente la membrana<u> sinoviale<\/u> e non la cartilagine, colpisce con meno frequenza e in et\u00e0 pi\u00f9 giovane rispetto all&#8217;osteoartrosi; sono pi\u00f9 colpite le donne (rapporto 3:1).<\/p>\n<p>Interessa l&#8217;1-2% della popolazione e il numero dei casi aumenta con l&#8217;et\u00e0, infatti \u00e8 colpito il 5% delle donne oltre i 55 anni. L&#8217;esordio si osserva prevalentemente al termine della adolescenza o tra 4\u00ba e 5\u00ba decennio di vita; un secondo picco si osserva tra i 60 e 70 anni. Una variante precoce dell&#8217;AR \u00e8 costituita dall&#8217;artrite reumatoide dell&#8217;infanzia.<\/p>\n<p>La causa di insorgenza non \u00e8 completamente nota. Vi \u00e8 una risposta infiammatoria della <em>sinovia <\/em>(membrana di rivestimento dell&#8217;articolazione) con rigonfiamento delle cellule sinoviali, eccesso di liquido sinoviale e sviluppo di tessuto fibroso nella sinovia. Colpisce anche l&#8217;osso sottostante e la cartilagine, con assottigliamento e distruzione.<\/p>\n<p>La condizione pu\u00f2 anche manifestarsi con infiammazioni diffuse nei polmoni, nella membrana intorno al cuore, nella pleura, nella sclera dell&#8217;occhio e con lesioni nodulari diffuse nel tessuto sottocutaneo.<\/p>\n<p>La diagnosi viene principalmente fatta sulla base dei sintomi e con la radiografia. L&#8217;analisi del liquido sinoviale pu\u00f2 contribuire alla <u>diagnosi<\/u> differenziale.<\/p>\n<p>Il trattamento comprende sia la prescrizione di farmaci che altre misure al fine di controllare l&#8217;infiammazione articolare e prevenire il danno articolare e la conseguente disabilit\u00e0.<\/p>\n<p>Il trattamento non farmacologico consiste nella terapia fisica, nella terapia occupazionale e cambiamenti nell&#8217;alimentazione. Farmaci antidolorifici e antinfiammatori, tra cui gli steroidi, sopprimono i sintomi ma non fermano la progressione della condizione. Farmaci antireumatici modificanti la malattia (DMARD) possono rallentare o arrestare la progressione della malattia. Il ricorso a tecniche di medicina alternativa non \u00e8 supportato da alcuna prova scientifica.<\/p>\n<p>Quando viene colpita l\u2019anca , in genere i sintomi sono pi\u00f9 gravi rispetto a quelli riferiti nei pazienti artrosici: dolore intenso , rigidit\u00e0 mattutina per almeno 1 ora , positivit\u00e0 del fattore reumatoide, artrite a livello di 3 o pi\u00f9 articolazioni,artrite delle articolazioni della mano, noduli reumatoide cutanei, alterazioni radiologiche.<\/p>\n<p>In genere , secondo i criteri ACR1987 sono sufficienti almeno 4 dei suddetti criteri per porre diagnosi di probabilit\u00e0 .<\/p>\n<p>La diagnosi inoltre si avvale del completamento di alcuni test bioumorali anticorpi anti citrullina (CCP) , Fattore reumatoide, VES e PCR.<\/p>\n<p>Inoltre la diagnosi e il trattamento deve essere eseguita in equipe con l\u2019ortopedico il reumatologo- che deve controllare la malattia di base- e il medico di famiglia.[\/vc_column_text][\/vc_column][vc_column width=&#8221;1\/3&#8243;][vc_text_separator title=&#8221;Patologie Anca&#8221; title_align=&#8221;separator_align_center&#8221; align=&#8221;align_center&#8221; color=&#8221;grey&#8221;][vc_wp_custommenu nav_menu=&#8221;4&#8243;][\/vc_column][\/vc_row]<\/p>\n<\/section>","protected":false},"excerpt":{"rendered":"<p>[vc_row full_width=&#8221;&#8221; parallax=&#8221;&#8221; parallax_image=&#8221;&#8221; opn_row_id=&#8221;&#8221; opn_row_gutter=&#8221;&#8221; opn_enable_overlay=&#8221;off&#8221; opn_hide_navigation=&#8221;off&#8221; bg_type=&#8221;&#8221; parallax_style=&#8221;&#8221; bg_image_new=&#8221;&#8221; layer_image=&#8221;&#8221; bg_image_repeat=&#8221;&#8221; bg_image_size=&#8221;&#8221; bg_cstm_size=&#8221;&#8221; bg_img_attach=&#8221;&#8221; parallax_sense=&#8221;&#8221; bg_image_posiiton=&#8221;&#8221; animation_direction=&#8221;&#8221; animation_repeat=&#8221;&#8221; video_url=&#8221;&#8221; video_url_2=&#8221;&#8221; u_video_url=&#8221;&#8221; video_opts=&#8221;&#8221; video_poster=&#8221;&#8221; u_start_time=&#8221;&#8221; u_stop_time=&#8221;&#8221; viewport_vdo=&#8221;&#8221; enable_controls=&#8221;&#8221; bg_override=&#8221;&#8221; disable_on_mobile_img_parallax=&#8221;&#8221; parallax_content=&#8221;&#8221; parallax_content_sense=&#8221;&#8221; fadeout_row=&#8221;&#8221; fadeout_start_effect=&#8221;&#8221; enable_overlay=&#8221;&#8221; overlay_color=&#8221;&#8221; overlay_pattern=&#8221;&#8221; overlay_pattern_opacity=&#8221;&#8221; overlay_pattern_size=&#8221;&#8221; overlay_pattern_attachment=&#8221;&#8221; multi_color_overlay=&#8221;&#8221; multi_color_overlay_opacity=&#8221;&#8221; seperator_enable=&#8221;&#8221; seperator_type=&#8221;&#8221; seperator_position=&#8221;&#8221; seperator_shape_size=&#8221;&#8221; seperator_svg_height=&#8221;&#8221; seperator_shape_background=&#8221;&#8221; seperator_shape_border=&#8221;&#8221; seperator_shape_border_color=&#8221;&#8221; seperator_shape_border_width=&#8221;&#8221; icon_type=&#8221;&#8221; icon=&#8221;&#8221; icon_size=&#8221;&#8221;<\/p>\n","protected":false},"author":1,"featured_media":0,"parent":184,"menu_order":0,"comment_status":"closed","ping_status":"closed","template":"","meta":[],"_links":{"self":[{"href":"https:\/\/www.spotornofoundation.it\/website\/wp-json\/wp\/v2\/pages\/187"}],"collection":[{"href":"https:\/\/www.spotornofoundation.it\/website\/wp-json\/wp\/v2\/pages"}],"about":[{"href":"https:\/\/www.spotornofoundation.it\/website\/wp-json\/wp\/v2\/types\/page"}],"author":[{"embeddable":true,"href":"https:\/\/www.spotornofoundation.it\/website\/wp-json\/wp\/v2\/users\/1"}],"replies":[{"embeddable":true,"href":"https:\/\/www.spotornofoundation.it\/website\/wp-json\/wp\/v2\/comments?post=187"}],"version-history":[{"count":4,"href":"https:\/\/www.spotornofoundation.it\/website\/wp-json\/wp\/v2\/pages\/187\/revisions"}],"predecessor-version":[{"id":253,"href":"https:\/\/www.spotornofoundation.it\/website\/wp-json\/wp\/v2\/pages\/187\/revisions\/253"}],"up":[{"embeddable":true,"href":"https:\/\/www.spotornofoundation.it\/website\/wp-json\/wp\/v2\/pages\/184"}],"wp:attachment":[{"href":"https:\/\/www.spotornofoundation.it\/website\/wp-json\/wp\/v2\/media?parent=187"}],"curies":[{"name":"wp","href":"https:\/\/api.w.org\/{rel}","templated":true}]}}